{"id":253,"date":"2021-01-19T13:44:20","date_gmt":"2021-01-19T13:44:20","guid":{"rendered":"http:\/\/blog.enaa.com\/?page_id=253"},"modified":"2024-09-03T17:55:33","modified_gmt":"2024-09-03T15:55:33","slug":"o-nas","status":"publish","type":"page","link":"https:\/\/www.enaa.com\/blog\/o-nas\/","title":{"rendered":"O nas"},"content":{"rendered":"\n<p class=\"is-style-default\">Enaa blog je del Enaa.com. Na strani Enaa blog objavljamo nakupovalne vodi\u010de, teste, nasvete, recepte in novice o spletni trgovini Enaa in na\u0161ih storitvah, ki jih pripravlja ekipa Enaa.<\/p>\n\n\n\n<h2 id=\"splosni-pogoji\" class=\"wp-block-heading\">Splo\u0161ni pogoji<\/h2>\n\n\n\n<p>Za vsebine skrbi uredni\u0161tvo. Vsak uporablja vse storitve na lastno odgovornost in v celoti jam\u010di za pravne ter stvarne napake na vsebini in zakonitost vsebine, ki jo posreduje ter je osebno odgovoren za posredovana ali objavljena mnenja, nasvete, izjave in druge podatke in gradiva.<br><br>Posredovanje ali javna objava podatkov ali vsebin, ki so za\u0161\u010ditene s pravicami industrijske lastnine, avtorskimi pravicami, osebnostnimi pravicami in drugimi pravicami tretjih oseb (pravico do zasebnosti in prepre\u010ditve javne objave osebnih podatkov), ni dovoljeno.<\/p>\n\n\n\n<p>Vsak uporabnik se strinja, da bo morebitne kr\u0161itve pravil, ki posegajo v njegove pravice, posku\u0161al re\u0161iti sporazumno s povzro\u010diteljem kr\u0161itve. V primeru, da kr\u0161itve ne bodo odpravljene, bo o njih obvestil uredni\u0161tvo na naslov\u00a0<a>enaa.marketplace(at)gambit.si. <\/a><\/p>\n\n\n\n<p>Ukrepali bomo izklju\u010dno na osnovi prejema prijav, ki vklju\u010dujejo izjavo prijavitelja:<\/p>\n\n\n\n<ul class=\"wp-block-list\"><li>da je poobla\u0161\u010den za izdajo zahtevka, da je posredovana informacija to\u010dna in preverjena ter da po\u0161iljatelj zanjo v celoti odgovarja;<\/li><li>da ima dobre razloge za trditev, da objave vsebine, ki je predmet prijave, ni dovolil ne lastnik avtorskih pravic, ne njegov predstavnik ali ustrezna agencija oziroma da za to objavo ne obstaja zakonska osnova;<\/li><li>da v celoti odgovarja za posledice umika ali spremembe zahtevanih vsebin.<\/li><\/ul>\n\n\n\n<p>Uredni\u0161tvo se obvezuje, da bo na osnovi tako prejetih prijav vsebino zaznalo kot:<\/p>\n\n\n\n<ul class=\"wp-block-list\"><li>avtorsko sporno,<\/li><li>ali kot vsebino, za katero avtor prispevka ni pridobil vseh pravic (avtorskih in sorodnih pravic izvajalcev) ali dele\u017enikov v prispevku,<br>oziroma kot vsebino, ki je moralno ali kako druga\u010de sporna,<\/li><li>ter objavo v najkraj\u0161em mo\u017enem \u010dasu umaknilo oziroma vsebino spremenilo skladno z zahtevo prijavitelja.<\/li><\/ul>\n\n\n\n<p class=\"is-style-default\">V drugih primerih bo o prijavi obvestilo avtorja in vsebine umaknilo v dogovoru z njim.<\/p>\n\n\n\n<p>Za spore, ki izhajajo iz uporabe storitev spletnega mesta, teh splo\u0161nih pogojev ter splo\u0161nih pogojev Enaa se uporablja izklju\u010dno pravo Republike Slovenije. Vse stranke dogovora, ne glede na njihovo dejansko geografsko lokacijo, nacionalno pripadnost ali povezanost, se strinjajo, da so v okviru te storitve vezane izklju\u010dno s pravom Republike Slovenije. Za vse spore in pravne postopke v zvezi s tem sporazumom, uporabo storitve ter delovanjem storitve, je izklju\u010dno pristojno sodi\u0161\u010de v Ljubljani.<\/p>\n\n\n\n<p>Upravitelj si pridr\u017euje pravico, da kadarkoli spremeni pogoje dostopa do storitev \u010dlanom in uporabnikom z veljavnostjo od objave spremembe dalje.<\/p>\n\n\n\n<p class=\"is-style-default\">Objavljene vsebine in tehnologije so last Gambit trade d.o.o. Med avtorska dela sodijo predvsem vsi deli programske kode, vsa programska arhitekura in in\u017einiring, grafi\u010dni elementi, slike, zvo\u010dno in slikovno gradivo ter drugi avtorski elementi, ki jih zaradi narave ni potrebno ozna\u010devati z oznakami avtorsko za\u0161\u010diteno. Za\u0161\u010ditena je tudi struktura, kot posamezne idejne re\u0161itve implemetirane na spletno mesto. Vsakr\u0161no kopiranje, navajanje, posnemavanje, distribucija le te je brez vednosti ponudnika prepovedana.<\/p>\n","protected":false},"excerpt":{"rendered":"<p>Enaa blog je del Enaa.com. Na strani Enaa blog objavljamo nakupovalne vodi\u010de, teste, nasvete, recepte in novice o spletni trgovini Enaa in na\u0161ih storitvah, ki jih pripravlja ekipa Enaa. Splo\u0161ni&hellip;<\/p>\n","protected":false},"author":2,"featured_media":0,"parent":0,"menu_order":0,"comment_status":"closed","ping_status":"closed","template":"","meta":{"_lmt_disableupdate":"no","_lmt_disable":"no","footnotes":""},"class_list":["post-253","page","type-page","status-publish"],"_links":{"self":[{"href":"https:\/\/www.enaa.com\/blog\/wp-json\/wp\/v2\/pages\/253","targetHints":{"allow":["GET"]}}],"collection":[{"href":"https:\/\/www.enaa.com\/blog\/wp-json\/wp\/v2\/pages"}],"about":[{"href":"https:\/\/www.enaa.com\/blog\/wp-json\/wp\/v2\/types\/page"}],"author":[{"embeddable":true,"href":"https:\/\/www.enaa.com\/blog\/wp-json\/wp\/v2\/users\/2"}],"replies":[{"embeddable":true,"href":"https:\/\/www.enaa.com\/blog\/wp-json\/wp\/v2\/comments?post=253"}],"version-history":[{"count":4,"href":"https:\/\/www.enaa.com\/blog\/wp-json\/wp\/v2\/pages\/253\/revisions"}],"predecessor-version":[{"id":4957,"href":"https:\/\/www.enaa.com\/blog\/wp-json\/wp\/v2\/pages\/253\/revisions\/4957"}],"wp:attachment":[{"href":"https:\/\/www.enaa.com\/blog\/wp-json\/wp\/v2\/media?parent=253"}],"curies":[{"name":"wp","href":"https:\/\/api.w.org\/{rel}","templated":true}]}}