{"id":1577,"date":"2025-04-29T15:06:35","date_gmt":"2025-04-29T13:06:35","guid":{"rendered":"https:\/\/www.enaa.com\/akademija\/?page_id=1577"},"modified":"2025-04-30T11:42:27","modified_gmt":"2025-04-30T09:42:27","slug":"microsoft-365-copilot","status":"publish","type":"page","link":"https:\/\/www.enaa.com\/akademija\/microsoft-365-copilot\/","title":{"rendered":"Microsoft 365 Copilot"},"content":{"rendered":"\t\t<div data-elementor-type=\"wp-page\" data-elementor-id=\"1577\" class=\"elementor elementor-1577\" data-elementor-post-type=\"page\">\n\t\t\t\t<div class=\"elementor-element elementor-element-056bdf7 e-flex e-con-boxed e-con e-parent\" data-id=\"056bdf7\" data-element_type=\"container\" data-settings=\"{&quot;content_width&quot;:&quot;boxed&quot;}\" data-core-v316-plus=\"true\">\n\t\t\t\t\t<div class=\"e-con-inner\">\n\t\t\t\t<div class=\"elementor-element elementor-element-7e2c23a elementor-widget elementor-widget-heading\" data-id=\"7e2c23a\" data-element_type=\"widget\" data-widget_type=\"heading.default\">\n\t\t\t\t<div class=\"elementor-widget-container\">\n\t\t\t<style>\/*! elementor - v3.19.0 - 28-02-2024 *\/\n.elementor-heading-title{padding:0;margin:0;line-height:1}.elementor-widget-heading .elementor-heading-title[class*=elementor-size-]>a{color:inherit;font-size:inherit;line-height:inherit}.elementor-widget-heading .elementor-heading-title.elementor-size-small{font-size:15px}.elementor-widget-heading .elementor-heading-title.elementor-size-medium{font-size:19px}.elementor-widget-heading .elementor-heading-title.elementor-size-large{font-size:29px}.elementor-widget-heading .elementor-heading-title.elementor-size-xl{font-size:39px}.elementor-widget-heading .elementor-heading-title.elementor-size-xxl{font-size:59px}<\/style><h2 class=\"elementor-heading-title elementor-size-default\">Dogodek: Odkrijte mo\u010d Microsoft 365 Copilota<\/h2>\t\t<\/div>\n\t\t\t\t<\/div>\n\t\t\t\t<div class=\"elementor-element elementor-element-7254b0a elementor-widget elementor-widget-spacer\" data-id=\"7254b0a\" data-element_type=\"widget\" data-widget_type=\"spacer.default\">\n\t\t\t\t<div class=\"elementor-widget-container\">\n\t\t\t<style>\/*! elementor - v3.19.0 - 28-02-2024 *\/\n.elementor-column .elementor-spacer-inner{height:var(--spacer-size)}.e-con{--container-widget-width:100%}.e-con-inner>.elementor-widget-spacer,.e-con>.elementor-widget-spacer{width:var(--container-widget-width,var(--spacer-size));--align-self:var(--container-widget-align-self,initial);--flex-shrink:0}.e-con-inner>.elementor-widget-spacer>.elementor-widget-container,.e-con>.elementor-widget-spacer>.elementor-widget-container{height:100%;width:100%}.e-con-inner>.elementor-widget-spacer>.elementor-widget-container>.elementor-spacer,.e-con>.elementor-widget-spacer>.elementor-widget-container>.elementor-spacer{height:100%}.e-con-inner>.elementor-widget-spacer>.elementor-widget-container>.elementor-spacer>.elementor-spacer-inner,.e-con>.elementor-widget-spacer>.elementor-widget-container>.elementor-spacer>.elementor-spacer-inner{height:var(--container-widget-height,var(--spacer-size))}.e-con-inner>.elementor-widget-spacer.elementor-widget-empty,.e-con>.elementor-widget-spacer.elementor-widget-empty{position:relative;min-height:22px;min-width:22px}.e-con-inner>.elementor-widget-spacer.elementor-widget-empty .elementor-widget-empty-icon,.e-con>.elementor-widget-spacer.elementor-widget-empty .elementor-widget-empty-icon{position:absolute;top:0;bottom:0;left:0;right:0;margin:auto;padding:0;width:22px;height:22px}<\/style>\t\t<div class=\"elementor-spacer\">\n\t\t\t<div class=\"elementor-spacer-inner\"><\/div>\n\t\t<\/div>\n\t\t\t\t<\/div>\n\t\t\t\t<\/div>\n\t\t\t\t<div class=\"elementor-element elementor-element-d849704 elementor-widget elementor-widget-image\" data-id=\"d849704\" data-element_type=\"widget\" data-widget_type=\"image.default\">\n\t\t\t\t<div class=\"elementor-widget-container\">\n\t\t\t<style>\/*! elementor - v3.19.0 - 28-02-2024 *\/\n.elementor-widget-image{text-align:center}.elementor-widget-image a{display:inline-block}.elementor-widget-image a img[src$=\".svg\"]{width:48px}.elementor-widget-image img{vertical-align:middle;display:inline-block}<\/style>\t\t\t\t\t\t\t\t\t\t<img fetchpriority=\"high\" decoding=\"async\" width=\"1280\" height=\"720\" src=\"https:\/\/www.enaa.com\/akademija\/wp-content\/uploads\/2025\/04\/preview-microsoft-365-copilot.jpg\" class=\"attachment-full size-full wp-image-1593\" alt=\"\" srcset=\"https:\/\/www.enaa.com\/akademija\/wp-content\/uploads\/2025\/04\/preview-microsoft-365-copilot.jpg 1280w, https:\/\/www.enaa.com\/akademija\/wp-content\/uploads\/2025\/04\/preview-microsoft-365-copilot-300x169.jpg 300w, https:\/\/www.enaa.com\/akademija\/wp-content\/uploads\/2025\/04\/preview-microsoft-365-copilot-768x432.jpg 768w\" sizes=\"(max-width: 1280px) 100vw, 1280px\" \/>\t\t\t\t\t\t\t\t\t\t\t\t\t<\/div>\n\t\t\t\t<\/div>\n\t\t\t\t<div class=\"elementor-element elementor-element-f2e902c elementor-widget elementor-widget-spacer\" data-id=\"f2e902c\" data-element_type=\"widget\" data-widget_type=\"spacer.default\">\n\t\t\t\t<div class=\"elementor-widget-container\">\n\t\t\t\t\t<div class=\"elementor-spacer\">\n\t\t\t<div class=\"elementor-spacer-inner\"><\/div>\n\t\t<\/div>\n\t\t\t\t<\/div>\n\t\t\t\t<\/div>\n\t\t\t\t<div class=\"elementor-element elementor-element-c24ae86 elementor-align-center elementor-widget elementor-widget-button\" data-id=\"c24ae86\" data-element_type=\"widget\" data-widget_type=\"button.default\">\n\t\t\t\t<div class=\"elementor-widget-container\">\n\t\t\t\t\t<div class=\"elementor-button-wrapper\">\n\t\t\t<a class=\"elementor-button elementor-button-link elementor-size-xl\" href=\"https:\/\/forms.office.com\/Pages\/ResponsePage.aspx?id=Bi5l-uidukuq0qrUlyyZjZt0KcjbZb5EstVQbiD9zPpUMEQ5T1hFUU9QN1NTUVkyUjBJRkhPSzc0TS4u\" target=\"_blank\" rel=\"noopener\">\n\t\t\t\t\t\t<span class=\"elementor-button-content-wrapper\">\n\t\t\t\t\t\t<span class=\"elementor-button-text\">Prijavite se na dogodek<\/span>\n\t\t<\/span>\n\t\t\t\t\t<\/a>\n\t\t<\/div>\n\t\t\t\t<\/div>\n\t\t\t\t<\/div>\n\t\t\t\t<div class=\"elementor-element elementor-element-d937250 elementor-widget elementor-widget-spacer\" data-id=\"d937250\" data-element_type=\"widget\" data-widget_type=\"spacer.default\">\n\t\t\t\t<div class=\"elementor-widget-container\">\n\t\t\t\t\t<div class=\"elementor-spacer\">\n\t\t\t<div class=\"elementor-spacer-inner\"><\/div>\n\t\t<\/div>\n\t\t\t\t<\/div>\n\t\t\t\t<\/div>\n\t\t\t\t<div class=\"elementor-element elementor-element-98335b7 elementor-widget elementor-widget-text-editor\" data-id=\"98335b7\" data-element_type=\"widget\" data-widget_type=\"text-editor.default\">\n\t\t\t\t<div class=\"elementor-widget-container\">\n\t\t\t<style>\/*! elementor - v3.19.0 - 28-02-2024 *\/\n.elementor-widget-text-editor.elementor-drop-cap-view-stacked .elementor-drop-cap{background-color:#69727d;color:#fff}.elementor-widget-text-editor.elementor-drop-cap-view-framed .elementor-drop-cap{color:#69727d;border:3px solid;background-color:transparent}.elementor-widget-text-editor:not(.elementor-drop-cap-view-default) .elementor-drop-cap{margin-top:8px}.elementor-widget-text-editor:not(.elementor-drop-cap-view-default) .elementor-drop-cap-letter{width:1em;height:1em}.elementor-widget-text-editor .elementor-drop-cap{float:left;text-align:center;line-height:1;font-size:50px}.elementor-widget-text-editor .elementor-drop-cap-letter{display:inline-block}<\/style>\t\t\t\t<p>Pridru\u017eite se nam na <strong>ekskluzivnem dogodku<\/strong>, kjer bomo raziskovali, kako lahko Microsoft 365 Copilot revolucionira va\u0161o produktivnost in kreativnost. Spoznajte napredne funkcije umetne inteligence, ki vam pomagajo pri vsakodnevnih nalogah in omogo\u010dajo, da dose\u017eete ve\u010d z manj truda.<\/p><p>Udele\u017eenci boste dobili ugodnej\u0161o ceno za Microsoft 365 Copilot.<\/p>\t\t\t\t\t\t<\/div>\n\t\t\t\t<\/div>\n\t\t\t\t<div class=\"elementor-element elementor-element-0cec45e elementor-widget elementor-widget-text-editor\" data-id=\"0cec45e\" data-element_type=\"widget\" data-widget_type=\"text-editor.default\">\n\t\t\t\t<div class=\"elementor-widget-container\">\n\t\t\t\t\t\t\t<p><b data-olk-copy-source=\"MessageBody\">Podrobnosti dogodka:<\/b><\/p><ul type=\"disc\"><li><b>Datum:<\/b> \u010cetrtek, 22. maj 2025<\/li><li><b>\u010cas:<\/b>\u00a09:30 &#8211; 11:30<\/li><li><b>Lokacija:<\/b>\u00a0Spletni dogodek preko Microsoft Teams<\/li><\/ul><p>\u00a0<\/p><p><b>Program dogodka:<\/b><\/p><ul type=\"disc\"><li>Uvod<\/li><li>Primerjava razli\u010dnih orodji umetne inteligence<\/li><li>Predstavitev Microsoft 365 Copilot<\/li><li>Prakti\u010dni primeri uporabe Microsoft 365 Copilota<\/li><li>Q&amp;A in diskusija<\/li><\/ul><p>\u00a0<\/p><p><b>Prijava:<\/b>\u00a0Za prijavo na dogodek prosimo izpolnite prijavni obrazec na naslednji povezavi:\u00a0<a title=\"https:\/\/forms.office.com\/Pages\/ResponsePage.aspx?id=Bi5l-uidukuq0qrUlyyZjZt0KcjbZb5EstVQbiD9zPpUMEQ5T1hFUU9QN1NTUVkyUjBJRkhPSzc0TS4u\" href=\"https:\/\/forms.office.com\/Pages\/ResponsePage.aspx?id=Bi5l-uidukuq0qrUlyyZjZt0KcjbZb5EstVQbiD9zPpUMEQ5T1hFUU9QN1NTUVkyUjBJRkhPSzc0TS4u\" target=\"_blank\" rel=\"noopener noreferrer\" data-auth=\"NotApplicable\" data-linkindex=\"0\">Prijavni obrazec<\/a><\/p>\t\t\t\t\t\t<\/div>\n\t\t\t\t<\/div>\n\t\t\t\t<div class=\"elementor-element elementor-element-0197d6f elementor-widget elementor-widget-heading\" data-id=\"0197d6f\" data-element_type=\"widget\" data-widget_type=\"heading.default\">\n\t\t\t\t<div class=\"elementor-widget-container\">\n\t\t\t<h2 class=\"elementor-heading-title elementor-size-default\">Kaj je Microsoft 365 Copilot?<\/h2>\t\t<\/div>\n\t\t\t\t<\/div>\n\t\t\t\t<div class=\"elementor-element elementor-element-861f5da elementor-widget elementor-widget-text-editor\" data-id=\"861f5da\" data-element_type=\"widget\" data-widget_type=\"text-editor.default\">\n\t\t\t\t<div class=\"elementor-widget-container\">\n\t\t\t\t\t\t\t<p>Microsoft 365 Copilot je revolucionarno orodje, ki vam pomaga dose\u010di ve\u010d z manj truda. Z naprednimi funkcijami umetne inteligence vam Copilot omogo\u010da, da se osredoto\u010dite na pomembne naloge, medtem ko on poskrbi za ostalo.<\/p><p><strong>Klju\u010dne funkcionalnosti:<\/strong><\/p><ul><li>Pametno pisanje: Copilot vam pomaga pri ustvarjanju visokokakovostnih dokumentov, e-po\u0161tnih sporo\u010dil in poro\u010dil. Z uporabo naravnega jezika in kontekstualnih predlogov vam prihrani \u010das in izbolj\u0161a kakovost va\u0161e vsebine.<\/li><li>Analiza podatkov: Z Copilotom lahko hitro analizirate velike koli\u010dine podatkov v Excelu. Uporablja napredne algoritme za prepoznavanje vzorcev in trendov, kar vam omogo\u010da sprejemanje informiranih odlo\u010ditev.<\/li><li>U\u010dinkovito na\u010drtovanje: Copilot vam pomaga pri organizaciji sestankov, upravljanju koledarja in usklajevanju nalog. Z integracijo z Outlookom in Teamsom je na\u010drtovanje enostavno in brez stresa.<\/li><li>Kreativno oblikovanje: Ustvarite osupljive predstavitve v PowerPointu z uporabo Copilotovih predlog in oblikovalskih orodij. Va\u0161e ideje bodo zasijale v najbolj\u0161i lu\u010di.<\/li><li>Sodelovanje v realnem \u010dasu: Copilot omogo\u010da enostavno sodelovanje z va\u0161imi kolegi. Delite dokumente, urejajte vsebino in komunicirajte v realnem \u010dasu, ne glede na to, kje se nahajate.<\/li><li>Varnost in skladnost: Microsoft 365 Copilot zagotavlja najvi\u0161jo raven varnosti in skladnosti z industrijskimi standardi, kar vam omogo\u010da brezskrbno delo.<\/li><\/ul><p>\u00a0<\/p><p><strong>Zakaj izbrati Microsoft 365 Copilot?<\/strong><\/p><p>Microsoft 365 Copilot je ve\u010d kot le orodje \u2013 je va\u0161 zanesljiv partner pri doseganju poslovnih ciljev. Z njim boste bolj produktivni, kreativni in organizirani. Ne glede na to, ali delate sami ali v ekipi, vam Copilot pomaga, da izkoristite svoj polni potencial.<\/p><p><strong>Opis dogodka:<\/strong><\/p><p>Na tem dogodku boste imeli prilo\u017enost spoznati, kako Microsoft 365 Copilot deluje v praksi. Na\u0161i strokovnjaki vam bodo pokazali, kako lahko Copilot izbolj\u0161a va\u0161e delo z dokumenti, analizo podatkov, na\u010drtovanjem sestankov in \u0161e ve\u010d. Dogodek je namenjen vsem, ki \u017eelijo izkoristiti polni potencial Microsoft 365 orodij in postati bolj u\u010dinkoviti pri svojem delu.<\/p><p><strong>Agenda dogodka:<\/strong><\/p><p>1. Uvod<\/p><p>2. Primerjava razli\u010dnih AI orodji<\/p><ul><li>Pregled funkcionalnosti med razli\u010dnimi AI orodji na voljo (ChatGPT, Copilot)<\/li><li>Razlike med brepla\u010dnimi in pla\u010dljivi orodji<\/li><\/ul><p>3. Predstavitev Microsoft 365 Copilota<\/p><ul><li>Kratek pregled funkcionalnosti in prednosti Copilota.<\/li><li>Primeri uporabe v razli\u010dnih poslovnih scenarijih.<\/li><\/ul><p>4. Prakti\u010dni primeri uporabe Microsoft 365 Copilota<\/p><ul><li>Kako Copilot pomaga pri pisanju visokokakovostnih dokumentov in e-po\u0161tnih sporo\u010dil.<\/li><li>Uporaba Copilota za hitro analizo velikih koli\u010din podatkov.<\/li><li>Ustvarjanje osupljivih predstavitev v PowerPointu z uporabo Copilotovih predlog in oblikovalskih orodij.<\/li><\/ul><p>5. Vpra\u0161anja in odgovori<\/p><p>Prilo\u017enost za udele\u017eence, da postavijo vpra\u0161anja in dobijo odgovore od na\u0161ih strokovnjakov.<\/p>\t\t\t\t\t\t<\/div>\n\t\t\t\t<\/div>\n\t\t\t\t<div class=\"elementor-element elementor-element-a3c52e6 elementor-align-center elementor-widget elementor-widget-button\" data-id=\"a3c52e6\" data-element_type=\"widget\" data-widget_type=\"button.default\">\n\t\t\t\t<div class=\"elementor-widget-container\">\n\t\t\t\t\t<div class=\"elementor-button-wrapper\">\n\t\t\t<a class=\"elementor-button elementor-button-link elementor-size-xl\" href=\"https:\/\/forms.office.com\/Pages\/ResponsePage.aspx?id=Bi5l-uidukuq0qrUlyyZjZt0KcjbZb5EstVQbiD9zPpUMEQ5T1hFUU9QN1NTUVkyUjBJRkhPSzc0TS4u\" target=\"_blank\" rel=\"noopener\">\n\t\t\t\t\t\t<span class=\"elementor-button-content-wrapper\">\n\t\t\t\t\t\t<span class=\"elementor-button-text\">Prijavite se na dogodek<\/span>\n\t\t<\/span>\n\t\t\t\t\t<\/a>\n\t\t<\/div>\n\t\t\t\t<\/div>\n\t\t\t\t<\/div>\n\t\t\t\t<div class=\"elementor-element elementor-element-529c9a4 elementor-widget elementor-widget-spacer\" data-id=\"529c9a4\" data-element_type=\"widget\" data-widget_type=\"spacer.default\">\n\t\t\t\t<div class=\"elementor-widget-container\">\n\t\t\t\t\t<div class=\"elementor-spacer\">\n\t\t\t<div class=\"elementor-spacer-inner\"><\/div>\n\t\t<\/div>\n\t\t\t\t<\/div>\n\t\t\t\t<\/div>\n\t\t\t\t\t<\/div>\n\t\t\t\t<\/div>\n\t\t\t\t<\/div>\n\t\t","protected":false},"excerpt":{"rendered":"<p>Dogodek: Odkrijte mo\u010d Microsoft 365 Copilota Prijavite se na dogodek Pridru\u017eite se nam na ekskluzivnem dogodku, kjer bomo raziskovali, kako lahko Microsoft 365 Copilot revolucionira va\u0161o produktivnost in kreativnost. Spoznajte napredne funkcije umetne inteligence, ki vam pomagajo pri vsakodnevnih nalogah in omogo\u010dajo, da dose\u017eete ve\u010d z manj truda. Udele\u017eenci boste dobili ugodnej\u0161o ceno za Microsoft [&hellip;]<\/p>\n","protected":false},"author":2,"featured_media":0,"parent":0,"menu_order":0,"comment_status":"closed","ping_status":"closed","template":"","meta":{"footnotes":""},"_links":{"self":[{"href":"https:\/\/www.enaa.com\/akademija\/wp-json\/wp\/v2\/pages\/1577"}],"collection":[{"href":"https:\/\/www.enaa.com\/akademija\/wp-json\/wp\/v2\/pages"}],"about":[{"href":"https:\/\/www.enaa.com\/akademija\/wp-json\/wp\/v2\/types\/page"}],"author":[{"embeddable":true,"href":"https:\/\/www.enaa.com\/akademija\/wp-json\/wp\/v2\/users\/2"}],"replies":[{"embeddable":true,"href":"https:\/\/www.enaa.com\/akademija\/wp-json\/wp\/v2\/comments?post=1577"}],"version-history":[{"count":35,"href":"https:\/\/www.enaa.com\/akademija\/wp-json\/wp\/v2\/pages\/1577\/revisions"}],"predecessor-version":[{"id":1614,"href":"https:\/\/www.enaa.com\/akademija\/wp-json\/wp\/v2\/pages\/1577\/revisions\/1614"}],"wp:attachment":[{"href":"https:\/\/www.enaa.com\/akademija\/wp-json\/wp\/v2\/media?parent=1577"}],"curies":[{"name":"wp","href":"https:\/\/api.w.org\/{rel}","templated":true}]}}